{"id":6338,"date":"2023-04-28T08:27:48","date_gmt":"2023-04-28T08:27:48","guid":{"rendered":"https:\/\/leny.april8.org\/?page_id=6338"},"modified":"2023-05-10T11:48:49","modified_gmt":"2023-05-10T11:48:49","slug":"zastita-osobnih-podataka","status":"publish","type":"page","link":"http:\/\/moto.leny.eu\/hr\/zastita-osobnih-podataka\/","title":{"rendered":"Za\u0161tita osobnih podataka"},"content":{"rendered":"\n<p>Pri prijavi na na\u0161e elektroni\u010dke novosti, izjavljujete da razumijete i sla\u017eete se sa sljede\u0107im izjavama, koje su u skladu sa trenutno va\u017ee\u0107im zakonodavstvom o za\u0161titi osobnih podataka (GDPR i ZVPot-1) i izri\u010dito dajete privolu za obradu va\u0161ih osobnih podataka u svrhu primanja op\u0107ih vijesti. Kao upravitelj osobnih podataka za ovu web stranicu, Gomstar d.o.o. se obvezuje da \u0107e va\u0161e osobne podatke obra\u0111ivati odgovorno i u skladu sa zakonodavstvom.<\/p>\n\n\n\n<p>Va\u0161i osobni podaci koje prikupljamo prilikom va\u0161e prijave za novosti uklju\u010duju va\u0161e ime, prezime i e-mail adresu, koje \u0107emo koristiti isklju\u010divo za slanje novosti putem e-po\u0161te. Ne\u0107emo koristiti druge komunikacijske kanale za obavje\u0161tavanje o novostima, kao \u0161to su SMS poruke, telefonski pozivi ili po\u0161tanski adrese. Va\u0161i osobni podaci \u0107e biti obra\u0111eni isklju\u010divo u svrhu obavje\u0161tavanja o op\u0107im novostima, sve dok ne povu\u010dete svoju privolu.<\/p>\n\n\n\n<p>Osim toga, imate pravo pristupa, ispravljanja, brisanja, ograni\u010denja obrade, prenosivosti i prigovora u vezi s va\u0161im osobnim podacima, \u0161to mo\u017eete u\u010diniti na isti na\u010din kao i davanje svoje privole. Ako \u017eelite opozvati upotrebu svojih osobnih podataka ili se \u017eelite \u017ealiti na njihovu obradu, to mo\u017eete u\u010diniti putem e-po\u0161te na <a href=\"mailto:info@leny.eu\">info@leny.eu<\/a>.<\/p>\n\n\n\n<p>Obvezujemo se da \u0107emo va\u0161e osobne podatke obra\u0111ivati i upravljati samo u svrhu obavje\u0161tavanja o op\u0107im novostima putem e-po\u0161te do opoziva privole. Svaka osoba u svakom trenutku mo\u017ee opozvati upotrebu svojih osobnih podataka na isti na\u010din kao \u0161to je bila dana privola za obradu. Ako \u017eelite opozvati svoju privolu, va\u0161 e-mail \u0107e biti izbrisan s liste primatelja novosti.<\/p>\n\n\n\n<p>Odgovorni smo za upravljanje i za\u0161titu va\u0161ih osobnih podataka, stoga \u0107emo va\u0161e podatke \u010duvati sigurno i povjerljivo. Va\u0161i osobni podaci ne\u0107e biti dijeljeni s drugim organizacijama.<\/p>\n","protected":false},"excerpt":{"rendered":"<p>Pri prijavi na na\u0161e elektroni\u010dke novosti, izjavljujete da razumijete i sla\u017eete se sa sljede\u0107im izjavama, koje su u skladu sa trenutno va\u017ee\u0107im zakonodavstvom o za\u0161titi osobnih podataka (GDPR i ZVPot-1) i izri\u010dito dajete privolu za obradu va\u0161ih osobnih podataka u svrhu primanja op\u0107ih vijesti. Kao upravitelj osobnih podataka za ovu web stranicu, Gomstar d.o.o. se&hellip;<\/p>\n","protected":false},"author":4,"featured_media":0,"parent":0,"menu_order":0,"comment_status":"closed","ping_status":"closed","template":"","meta":{"footnotes":""},"class_list":["post-6338","page","type-page","status-publish","hentry"],"jetpack_sharing_enabled":true,"_links":{"self":[{"href":"http:\/\/moto.leny.eu\/hr\/wp-json\/wp\/v2\/pages\/6338","targetHints":{"allow":["GET"]}}],"collection":[{"href":"http:\/\/moto.leny.eu\/hr\/wp-json\/wp\/v2\/pages"}],"about":[{"href":"http:\/\/moto.leny.eu\/hr\/wp-json\/wp\/v2\/types\/page"}],"author":[{"embeddable":true,"href":"http:\/\/moto.leny.eu\/hr\/wp-json\/wp\/v2\/users\/4"}],"replies":[{"embeddable":true,"href":"http:\/\/moto.leny.eu\/hr\/wp-json\/wp\/v2\/comments?post=6338"}],"version-history":[{"count":1,"href":"http:\/\/moto.leny.eu\/hr\/wp-json\/wp\/v2\/pages\/6338\/revisions"}],"predecessor-version":[{"id":6339,"href":"http:\/\/moto.leny.eu\/hr\/wp-json\/wp\/v2\/pages\/6338\/revisions\/6339"}],"wp:attachment":[{"href":"http:\/\/moto.leny.eu\/hr\/wp-json\/wp\/v2\/media?parent=6338"}],"curies":[{"name":"wp","href":"https:\/\/api.w.org\/{rel}","templated":true}]}}