{"id":12417,"date":"2023-09-23T04:51:12","date_gmt":"2023-09-23T04:51:12","guid":{"rendered":"https:\/\/www.leny.eu\/izdelek\/kozni-remen\/"},"modified":"2023-09-23T04:51:12","modified_gmt":"2023-09-23T04:51:12","slug":"kozni-remen","status":"publish","type":"product","link":"http:\/\/moto.leny.eu\/hr\/proizvod\/kozni-remen\/","title":{"rendered":"Ko\u017eni remen"},"content":{"rendered":"<p><strong>Zna\u010dajke:<\/strong><\/p>\n<ul>\n<li>vrhunski ko\u017eni remen, proizveden u Sloveniji<\/li>\n<li>duljina do 150 cm<\/li>\n<li>lako skratiti<\/li>\n<\/ul>\n<p><strong>Materijal i njega:<\/strong><\/p>\n<ul>\n<li>Sastav: 100% ko\u017ea, metalna petlja<\/li>\n<li>Po potrebi obri\u0161ite vla\u017enom krpom i nama\u017eite proizvodima za njegu ko\u017ee<\/li>\n<\/ul>\n","protected":false},"excerpt":{"rendered":"<p>Zna\u010dajke: vrhunski ko\u017eni remen, proizveden u Sloveniji duljina do 150 cm lako skratiti Materijal i njega: Sastav: 100% ko\u017ea, metalna petlja Po potrebi obri\u0161ite vla\u017enom krpom i nama\u017eite proizvodima za njegu ko\u017ee<\/p>\n","protected":false},"featured_media":8654,"comment_status":"open","ping_status":"closed","template":"","meta":[],"product_brand":[],"product_cat":[327],"product_tag":[],"class_list":{"0":"post-12417","1":"product","2":"type-product","3":"status-publish","4":"has-post-thumbnail","6":"product_cat-dodaci","8":"first","9":"instock","10":"taxable","11":"shipping-taxable","12":"purchasable","13":"product-type-variable"},"jetpack_sharing_enabled":true,"_links":{"self":[{"href":"http:\/\/moto.leny.eu\/hr\/wp-json\/wp\/v2\/product\/12417","targetHints":{"allow":["GET"]}}],"collection":[{"href":"http:\/\/moto.leny.eu\/hr\/wp-json\/wp\/v2\/product"}],"about":[{"href":"http:\/\/moto.leny.eu\/hr\/wp-json\/wp\/v2\/types\/product"}],"replies":[{"embeddable":true,"href":"http:\/\/moto.leny.eu\/hr\/wp-json\/wp\/v2\/comments?post=12417"}],"wp:featuredmedia":[{"embeddable":true,"href":"http:\/\/moto.leny.eu\/hr\/wp-json\/wp\/v2\/media\/8654"}],"wp:attachment":[{"href":"http:\/\/moto.leny.eu\/hr\/wp-json\/wp\/v2\/media?parent=12417"}],"wp:term":[{"taxonomy":"product_brand","embeddable":true,"href":"http:\/\/moto.leny.eu\/hr\/wp-json\/wp\/v2\/product_brand?post=12417"},{"taxonomy":"product_cat","embeddable":true,"href":"http:\/\/moto.leny.eu\/hr\/wp-json\/wp\/v2\/product_cat?post=12417"},{"taxonomy":"product_tag","embeddable":true,"href":"http:\/\/moto.leny.eu\/hr\/wp-json\/wp\/v2\/product_tag?post=12417"}],"curies":[{"name":"wp","href":"https:\/\/api.w.org\/{rel}","templated":true}]}}