{"id":5782,"date":"2023-04-28T08:56:38","date_gmt":"2023-04-28T08:56:38","guid":{"rendered":"https:\/\/leny.april8.org\/?page_id=5782"},"modified":"2023-05-04T11:46:09","modified_gmt":"2023-05-04T11:46:09","slug":"izjava-o-varstvu-osebnih-podatkov","status":"publish","type":"page","link":"http:\/\/moto.leny.eu\/sl\/izjava-o-varstvu-osebnih-podatkov\/","title":{"rendered":"Izjava o varstvu osebnih podatkov"},"content":{"rendered":"\n<p>Izjava o varstvu osebnih podatkov je dokument, v katerem se opisuje, kako podjetje upravlja z zasebnimi podatki svojih strank ali uporabnikov, ter katere osebne podatke zbira, obdeluje in kako jih varuje. V tej izjavi se prav tako opredeljuje, v katerih primerih lahko podjetje deli te podatke z drugimi organizacijami ali tretjimi osebami, ter kak\u0161ne pravice imajo uporabniki glede svojih osebnih podatkov. Namen izjave o varstvu osebnih podatkov je zagotoviti transparentnost in zaupanje med podjetjem in uporabniki ter zagotoviti, da so uporabniki seznanjeni z na\u010dinom uporabe njihovih osebnih podatkov.<\/p>\n\n\n\n<p>V na\u0161i spletni trgovini se zavedamo, da so osebni podatki, ki jih uporabniki posredujejo nam, zelo ob\u010dutljivi in zato jih obravnavamo s posebno skrbnostjo. Zagotavljamo, da bomo vse osebne podatke, ki nam jih zaupate, varovali pred zlorabo, razkritjem in nepoobla\u0161\u010denim dostopom ter jih ne bomo posredovali tretjim osebam. Vsi podatki, ki nam jih zaupate, bodo obravnavani zaupno in jih bomo uporabili le za namen, za katerega ste nam jih posredovali.<\/p>\n\n\n\n<p>Zavedamo se tudi, da so podatki, ki jih potrebujemo za dostavo naro\u010denih izdelkov, nujni za izpolnitev na\u0161ih obveznosti. Zato bomo zaupali potrebne podatke dostavni slu\u017ebi Po\u0161ta Slovenije, ki jo uporabljamo za dostavo naro\u010dil. Dostavni slu\u017ebi bomo posredovali le osnovne podatke, kot so ime in priimek prejemnika, naslov za dostavo ter telefonska \u0161tevilka in e-po\u0161tni naslov za obve\u0161\u010danje o statusu paketa.<\/p>\n\n\n\n<p><strong>Katere osebne podatke zbiramo, obdelujemo, hranimo in zakaj<\/strong><\/p>\n\n\n\n<p>Zavezujemo se, da bomo uporabljali va\u0161e osebne podatke izklju\u010dno za namene, za katere ste nam jih posredovali, in bomo poskrbeli, da bodo va\u0161i podatki varni in zavarovani pred nepoobla\u0161\u010denim dostopom ali zlorabo.<\/p>\n\n\n\n<p>V na\u0161em podjetju obdelujemo in hranimo le tiste osebne podatke, ki nam jih posredujete in so navedeni v nadaljevanju, pri \u010demer seveda upo\u0161tevamo va\u0161e dovoljenje za njihovo obdelavo. Kot orodje za zbiranje informacij o uporabi na\u0161e spletne strani uporabljamo Google Analytics, ki pa osebnih podatkov ne obdeluje v na\u0161em podjetju, temve\u010d v podjetju Google.<\/p>\n\n\n\n<p>Obiskovalci na\u0161e spletne strani se lahko prijavijo na prejemanje e-novic ali pa se kot uporabniki registrirajo kot kupci. V slednjem primeru lahko obdelujemo in hranimo osebne podatke, ki nam jih posredujete, vklju\u010dno z va\u0161im imenom, priimkom, naslovom, telefonsko \u0161tevilko, e-po\u0161tnim naslovom in drugimi podatki, ki jih potrebujemo za izpolnitev va\u0161ega naro\u010dila ali zagotavljanje storitev.<\/p>\n\n\n\n<p>Ob prijavi na na\u0161e e-novice se strinjate, da vam bomo na va\u0161 e-po\u0161tni naslov poslali obvestila o novih kolekcijah, posebnih ponudbah in popustih, ki vam bodo morda zanimive in koristne.<\/p>\n\n\n\n<p>Ob prijavi na na\u0161e e-novice imate dve mo\u017enosti:preko prijave na e-novice na spletni strani ali pa fizi\u010dno v na\u0161i trgovini preko prijavnic za prejemanje e-novi\u010dk. V teh primerih bomo obdelovali naslednje podatke:<\/p>\n\n\n\n<ol class=\"wp-block-list\">\n<li>Va\u0161e ime in priimek (razen pri prijavi na e-novice) \u2013 to je potrebno, da vam lahko pravilno naslovimo e-novice.<\/li>\n\n\n\n<li>Va\u0161 e-po\u0161tni naslov \u2013 ta podatek je potreben, da vam lahko po\u0161iljamo e-novice.<\/li>\n\n\n\n<li>IP naslov (razen pri fizi\u010dni prijavi v trgovini preko prijavnice) \u2013 to zbiramo, da lahko zagotovimo revizijsko sled in slu\u017ei kot dokaz v primeru morebitnih sporov.<\/li>\n<\/ol>\n\n\n\n<p>Za izvajanje storitev, ki jih nudimo, zbiramo naslednje osebne podatke uporabnikov:<\/p>\n\n\n\n<ul class=\"wp-block-list\">\n<li>Ime in priimek &#8211; ta podatek uporabljamo za naslavljanje in izdajo ra\u010dunov.<\/li>\n\n\n\n<li>Naslov za dostavo &#8211; ta podatek je potreben za izdajo ra\u010dunov in dostavo naro\u010denih izdelkov.<\/li>\n\n\n\n<li>Kontaktno telefonsko \u0161tevilko &#8211; zbiramo jo, da lahko obve\u0161\u010damo uporabnike o naro\u010dilu, izdelkih, ki niso na zalogi, in za svetovanje ter preverjanje naro\u010dil.<\/li>\n\n\n\n<li>E-po\u0161tni naslov &#8211; ta podatek uporabljamo za po\u0161iljanje povzetka naro\u010dila, obve\u0161\u010danje o naro\u010dilu, izdelkih, ki niso na zalogi, ter za svetovanje in preverjanje naro\u010dil.<\/li>\n\n\n\n<li>\u0160ifrirano geslo &#8211; ta podatek zbiramo, \u010de uporabnik pozabi svoje geslo.<\/li>\n\n\n\n<li>Druge podatke, ki jih uporabnik prostovoljno vnese v obrazce na spletni strani (npr. morebitne opombe pri oddaji naro\u010dila, sporo\u010dila pri oddaji kontaktnega obrazca).<\/li>\n<\/ul>\n\n\n\n<p>Za pravilnost, popolnost in a\u017eurnost osebnih podatkov, ki jih vnese uporabnik, ne prevzemamo odgovornosti. Uporabnik sam je odgovoren za varnost svojega uporabni\u0161kega imena in gesla ter za varovanje svojih osebnih podatkov.<\/p>\n\n\n\n<p>Uporabniki imajo pravico do vpogleda ali popravka svojih osebnih podatkov. Vsi podatki, ki jih hranimo o uporabniku, so dostopni na njegovem profilu, kjer jih ima mo\u017enost tudi popraviti. \u010ce \u017eelijo uporabniki spremeniti oz. popraviti svoje osebne podatke, lahko to sporo\u010dijo tudi na elektronski naslov <a href=\"mailto:info@leny.eu\">info@leny.eu<\/a>. Uporabniki imajo tudi pravico do prenosljivosti svojih podatkov, kar pomeni, da mora upravljavec podatke posredovati v strukturirani in strojno berljivi obliki.<\/p>\n\n\n\n<p><\/p>\n\n\n\n<p>Osebni podatki se bodo hranili, dokler se ne odjavite od prejemanja e-novic. Od prejemanja novic se lahko kadarkoli odjavite tako, da kliknete na Odjava na dnu prejetih e-novic ali nam na naslov <a href=\"mailto:info@leny.eu\">info@leny.eu<\/a> po\u0161ljete obvestilo z naslovom &#8220;<strong>ODJAVA<\/strong>&#8220;. \u010ce ste uporabnik in ste v spletni trgovini \u017ee kdaj oddali naro\u010dilo, lahko zahtevate izbris svojih podatkov, ne glede na to, ali prejemate e-novice ali ne. \u010ce imate kakr\u0161na koli dodatna vpra\u0161anja ali potrebujete pojasnila, smo vam na voljo na <a href=\"mailto:info@leny.eu\">info@leny.eu<\/a>.<\/p>\n","protected":false},"excerpt":{"rendered":"<p>Izjava o varstvu osebnih podatkov je dokument, v katerem se opisuje, kako podjetje upravlja z zasebnimi podatki svojih strank ali uporabnikov, ter katere osebne podatke zbira, obdeluje in kako jih varuje. V tej izjavi se prav tako opredeljuje, v katerih primerih lahko podjetje deli te podatke z drugimi organizacijami ali tretjimi osebami, ter kak\u0161ne pravice&hellip;<\/p>\n","protected":false},"author":4,"featured_media":0,"parent":0,"menu_order":0,"comment_status":"closed","ping_status":"closed","template":"","meta":{"footnotes":""},"class_list":["post-5782","page","type-page","status-publish","hentry"],"jetpack_sharing_enabled":true,"_links":{"self":[{"href":"http:\/\/moto.leny.eu\/sl\/wp-json\/wp\/v2\/pages\/5782","targetHints":{"allow":["GET"]}}],"collection":[{"href":"http:\/\/moto.leny.eu\/sl\/wp-json\/wp\/v2\/pages"}],"about":[{"href":"http:\/\/moto.leny.eu\/sl\/wp-json\/wp\/v2\/types\/page"}],"author":[{"embeddable":true,"href":"http:\/\/moto.leny.eu\/sl\/wp-json\/wp\/v2\/users\/4"}],"replies":[{"embeddable":true,"href":"http:\/\/moto.leny.eu\/sl\/wp-json\/wp\/v2\/comments?post=5782"}],"version-history":[{"count":3,"href":"http:\/\/moto.leny.eu\/sl\/wp-json\/wp\/v2\/pages\/5782\/revisions"}],"predecessor-version":[{"id":6272,"href":"http:\/\/moto.leny.eu\/sl\/wp-json\/wp\/v2\/pages\/5782\/revisions\/6272"}],"wp:attachment":[{"href":"http:\/\/moto.leny.eu\/sl\/wp-json\/wp\/v2\/media?parent=5782"}],"curies":[{"name":"wp","href":"https:\/\/api.w.org\/{rel}","templated":true}]}}