{"id":6639,"date":"2023-05-28T16:56:25","date_gmt":"2023-05-28T16:56:25","guid":{"rendered":"https:\/\/www.leny.eu\/?page_id=6639"},"modified":"2023-05-28T17:29:28","modified_gmt":"2023-05-28T17:29:28","slug":"izjava-o-piskotkih","status":"publish","type":"page","link":"http:\/\/moto.leny.eu\/sl\/izjava-o-piskotkih\/","title":{"rendered":"Izjava o pi\u0161kotkih"},"content":{"rendered":"\n<p class=\"has-text-align-left\"><\/p>\n\n\n\n<p class=\"has-text-align-left\">Na\u0161 cilj je obiskovalcem na\u0161ega spletnega mesta vedno zagotoviti sve\u017ee in relevantne informacije, ki so zanje pomembne. Z analizo njihovih zanimanj in iskanj na na\u0161em spletnem mestu lahko ponudimo ustrezne vsebine. Vendar zbranih podatkov nikoli ne delimo s tretjimi osebami in obiskovalcev ne spremljamo kot posameznike, temve\u010d le anonimno.<\/p>\n\n\n\n<p class=\"has-text-align-left\"><strong>Kaj so pi\u0161kotki?<\/strong><strong><\/strong><\/p>\n\n\n\n<p class=\"has-text-align-left\">Pi\u0161kotki so majhne datoteke, ki se shranijo na va\u0161 ra\u010dunalnik, ko obi\u0161\u010dete spletno mesto. S pomo\u010djo pi\u0161kotkov lahko va\u0161i naslednji obiski spletne strani potekajo bolj gladko. V nastavitvah va\u0161ega brskalnika lahko dolo\u010dite, ali \u017eelite sprejeti pi\u0161kotke ali ne. \u010ce jih ne sprejmete, se lahko zgodi, da nekatere spletne strani ne bodo delovale pravilno ali da vam ne bodo na voljo vse informacije in funkcionalnosti. Sprejemanje pi\u0161kotkov pa ni pogoj za uporabo spletne strani.Va\u0161e odlo\u010ditve o sprejemanju pi\u0161kotkov ne bomo delili s tretjimi osebami.<\/p>\n\n\n\n<p class=\"has-text-align-left\"><strong>Vrste pi\u0161kotkov<\/strong><strong><\/strong><\/p>\n\n\n\n<p class=\"has-text-align-left\"><strong>Nujni pi\u0161kotki<br><\/strong>Nujni pi\u0161kotki so bistveni za osnovne funkcije spletnega mesta in brez njih spletno mesto ne bo delovalo, kot je predvideno. Ti pi\u0161kotki ne shranjujejo nobenih osebnih podatkov.<\/p>\n\n\n\n<p class=\"has-text-align-left\"><strong>Analiti\u010dni pi\u0161kotki<br><\/strong>Analiti\u010dni pi\u0161kotki se uporabljajo za razumevanje interakcije obiskovalcev s spletno stranjo. Ti pi\u0161kotki pomagajo zagotoviti informacije o merjenju \u0161tevila obiskovalcev, stopnje obiskov ene strani, vira prometa itd.<\/p>\n\n\n\n<p class=\"has-text-align-left\"><strong>Funkcionalni pi\u0161kotki<\/strong><br>Funkcionalni pi\u0161kotki pomagajo izvajati dolo\u010dene funkcije, kot je deljenje vsebine spletnega mesta na platformah dru\u017ebenih medijev, zbiranje povratnih informacij in druge funkcije tretjih oseb.<\/p>\n\n\n\n<p class=\"has-text-align-left\"><strong>Ogla\u0161evalski pi\u0161kotki<\/strong><br>Ogla\u0161evalski pi\u0161kotki se uporabljajo za zagotavljanje prilagojenih oglasov obiskovalcem na podlagi strani, ki so jih predhodno obiskali, in za analizo u\u010dinkovitosti ogla\u0161evalske kampanje.<\/p>\n\n\n\n<p class=\"has-text-align-left\"><strong>Nekategorizirani pi\u0161kotki<\/strong><br>Drugi nekategorizirani pi\u0161kotki so tisti, ki so v fazi analize in \u0161e niso kategorizirani.<\/p>\n\n\n\n<p class=\"has-text-align-left\"><strong>Zakaj so pi\u0161kotki potrebni?<\/strong><strong><\/strong><\/p>\n\n\n\n<p class=\"has-text-align-left\">Ve\u010dina spletnih mest uporablja pi\u0161kotke, saj zagotavljajo priro\u010den na\u010din za vzdr\u017eevanje ustrezne in prilagojene vsebine, ki je v skladu z interesi in preferencami uporabnikov. Poleg tega pi\u0161kotki omogo\u010dajo zbiranje statisti\u010dnih podatkov o obiskanosti spletnih strani, s \u010dimer lahko skrbniki ocenijo u\u010dinkovitost zasnove svojih spletnih strani ter ustreznost vrste in \u0161tevila oglasov, ki jih uporabnikom ponujajo na svojih spletnih straneh.<\/p>\n\n\n\n<p class=\"has-text-align-left\"><strong>Seznam pi\u0161kotkov<\/strong><strong><\/strong><\/p>\n\n\n\n<figure class=\"wp-block-table\"><table><tbody><tr><td>Vrsta pi\u0161kotka<\/td><td>Ime pi\u0161kotka<\/td><td>Trajanje<\/td><td>Opis<\/td><\/tr><tr><td>Obvezno<\/td><td>PH_HPXY_CHECK<\/td><td>sejo<\/td><td>Ta pi\u0161kotek se uporablja za shranjevanje informacij o trenutni seji.<\/td><\/tr><tr><td>Obvezno<\/td><td>__ trak_sredina<\/td><td>1 leto<\/td><td>Stripe nastavi ta pi\u0161kotek za obdelavo pla\u010dil.<\/td><\/tr><tr><td>Obvezno<\/td><td>__ stripe_sid<\/td><td>30 minut<\/td><td>Stripe nastavi ta pi\u0161kotek za obdelavo pla\u010dil.<\/td><\/tr><tr><td>Obvezno<\/td><td>woocommerce_items_in_cart<\/td><td>sejo<\/td><td>WooCommerce nastavi ta pi\u0161kotek tako, da bele\u017ei, ali so v nakupovalnem vozi\u010dku WooCommerce kakr\u0161ni koli izdelki.<\/td><\/tr><tr><td>Obvezno<\/td><td>woocommerce_cart_hash<\/td><td>sejo<\/td><td>WooCommerce nastavi ta pi\u0161kotek, da ugotovi, kdaj se vsebina\/podatki v ko\u0161arici spremenijo.<\/td><\/tr><tr><td>Delujo\u010d<\/td><td>wp- wpml_trenutni_jezik<\/td><td>sejo<\/td><td>Ve\u010djezi\u010dni vti\u010dnik WordPress nastavi ta pi\u0161kotek za shranjevanje trenutnih jezikovnih\/jezikovnih nastavitev.<\/td><\/tr><tr><td>Analiti\u010dno<\/td><td>ga_*<\/td><td>1 leto 1 mesec 4 dni<\/td><td>Google Analytics nastavi ta pi\u0161kotek za shranjevanje in \u0161tetje ogledov strani.<\/td><\/tr><tr><td>Analiti\u010dno<\/td><td>_ga<\/td><td>1 leto 1 mesec 4 dni<\/td><td>Google Analytics nastavi ta pi\u0161kotek za izra\u010dun podatkov o obiskovalcih, sejah in kampanjah ter spremljanje uporabe spletnega mesta za analiti\u010dno poro\u010dilo spletnega mesta. Pi\u0161kotek anonimno shrani informacije in dodeli naklju\u010dno ustvarjeno \u0161tevilko za prepoznavanje edinstvenih obiskovalcev.<\/td><\/tr><tr><td>Nekategorizirano<\/td><td>m<\/td><td>1 leto 1 mesec 4 dni<\/td><td>Opis ni na voljo.<\/td><\/tr><tr><td>Nekategorizirano &nbsp;<\/td><td>wp_woocommerce_session_6358f522dc5edadf2dcc11fe914b9052<\/td><td>2 dneva<\/td><td>Opis trenutno ni na voljo.<\/td><\/tr><\/tbody><\/table><\/figure>\n","protected":false},"excerpt":{"rendered":"<p>Na\u0161 cilj je obiskovalcem na\u0161ega spletnega mesta vedno zagotoviti sve\u017ee in relevantne informacije, ki so zanje pomembne. Z analizo njihovih zanimanj in iskanj na na\u0161em spletnem mestu lahko ponudimo ustrezne vsebine. Vendar zbranih podatkov nikoli ne delimo s tretjimi osebami in obiskovalcev ne spremljamo kot posameznike, temve\u010d le anonimno. Kaj so pi\u0161kotki? Pi\u0161kotki so majhne&hellip;<\/p>\n","protected":false},"author":4,"featured_media":0,"parent":0,"menu_order":0,"comment_status":"closed","ping_status":"closed","template":"","meta":{"footnotes":""},"class_list":["post-6639","page","type-page","status-publish","hentry"],"jetpack_sharing_enabled":true,"_links":{"self":[{"href":"http:\/\/moto.leny.eu\/sl\/wp-json\/wp\/v2\/pages\/6639","targetHints":{"allow":["GET"]}}],"collection":[{"href":"http:\/\/moto.leny.eu\/sl\/wp-json\/wp\/v2\/pages"}],"about":[{"href":"http:\/\/moto.leny.eu\/sl\/wp-json\/wp\/v2\/types\/page"}],"author":[{"embeddable":true,"href":"http:\/\/moto.leny.eu\/sl\/wp-json\/wp\/v2\/users\/4"}],"replies":[{"embeddable":true,"href":"http:\/\/moto.leny.eu\/sl\/wp-json\/wp\/v2\/comments?post=6639"}],"version-history":[{"count":4,"href":"http:\/\/moto.leny.eu\/sl\/wp-json\/wp\/v2\/pages\/6639\/revisions"}],"predecessor-version":[{"id":6653,"href":"http:\/\/moto.leny.eu\/sl\/wp-json\/wp\/v2\/pages\/6639\/revisions\/6653"}],"wp:attachment":[{"href":"http:\/\/moto.leny.eu\/sl\/wp-json\/wp\/v2\/media?parent=6639"}],"curies":[{"name":"wp","href":"https:\/\/api.w.org\/{rel}","templated":true}]}}