{"id":6672,"date":"2023-05-31T07:31:11","date_gmt":"2023-05-31T07:31:11","guid":{"rendered":"https:\/\/www.leny.eu\/?page_id=6672"},"modified":"2024-06-07T05:55:13","modified_gmt":"2024-06-07T05:55:13","slug":"prodajalna","status":"publish","type":"page","link":"http:\/\/moto.leny.eu\/sl\/prodajalna\/","title":{"rendered":"PRODAJALNA"},"content":{"rendered":"\n<p>Leny na novi lokaciji \u2013\u00a0<a href=\"https:\/\/g.co\/kgs\/MXjGU2g\">Zoisova ul. 1<\/a>\u00a0v Kranju.<\/p>\n\n\n\n<p>Obi\u0161\u010dite nas v na\u0161i industrijski prodajalni:<\/p>\n\n\n\n<p>Ponedeljek med 8.00 in 15.00<br>Torek med 8.00 in 18.00<br>Sreda med 8.00 do 15.00<br>\u010cetrtek med 8.00 in 18.00<br>Petek med 8.00 in 13.00<br>Sobota med 9.00 in 12.00<\/p>\n","protected":false},"excerpt":{"rendered":"<p>Leny na novi lokaciji \u2013\u00a0Zoisova ul. 1\u00a0v Kranju. Obi\u0161\u010dite nas v na\u0161i industrijski prodajalni: Ponedeljek med 8.00 in 15.00Torek med 8.00 in 18.00Sreda med 8.00 do 15.00\u010cetrtek med 8.00 in 18.00Petek med 8.00 in 13.00Sobota med 9.00 in 12.00<\/p>\n","protected":false},"author":4,"featured_media":0,"parent":0,"menu_order":0,"comment_status":"closed","ping_status":"closed","template":"","meta":{"footnotes":""},"class_list":["post-6672","page","type-page","status-publish","hentry"],"jetpack_sharing_enabled":true,"_links":{"self":[{"href":"http:\/\/moto.leny.eu\/sl\/wp-json\/wp\/v2\/pages\/6672","targetHints":{"allow":["GET"]}}],"collection":[{"href":"http:\/\/moto.leny.eu\/sl\/wp-json\/wp\/v2\/pages"}],"about":[{"href":"http:\/\/moto.leny.eu\/sl\/wp-json\/wp\/v2\/types\/page"}],"author":[{"embeddable":true,"href":"http:\/\/moto.leny.eu\/sl\/wp-json\/wp\/v2\/users\/4"}],"replies":[{"embeddable":true,"href":"http:\/\/moto.leny.eu\/sl\/wp-json\/wp\/v2\/comments?post=6672"}],"version-history":[{"count":4,"href":"http:\/\/moto.leny.eu\/sl\/wp-json\/wp\/v2\/pages\/6672\/revisions"}],"predecessor-version":[{"id":9490,"href":"http:\/\/moto.leny.eu\/sl\/wp-json\/wp\/v2\/pages\/6672\/revisions\/9490"}],"wp:attachment":[{"href":"http:\/\/moto.leny.eu\/sl\/wp-json\/wp\/v2\/media?parent=6672"}],"curies":[{"name":"wp","href":"https:\/\/api.w.org\/{rel}","templated":true}]}}