{"id":6120,"date":"2023-05-04T09:39:16","date_gmt":"2023-05-04T09:39:16","guid":{"rendered":"https:\/\/leny.april8.org\/?post_type=product&#038;p=6120"},"modified":"2025-12-31T09:52:06","modified_gmt":"2025-12-31T09:52:06","slug":"zenske-pohodne-hlace-z-gumbom-in-zadrgo-lm200w","status":"publish","type":"product","link":"http:\/\/moto.leny.eu\/sl\/izdelek\/zenske-pohodne-hlace-z-gumbom-in-zadrgo-lm200w\/","title":{"rendered":"\u017dENSKE POHODNE HLA\u010cE Z GUMBOM IN ZADRGO LM200W"},"content":{"rendered":"<p><strong>Tip postave<\/strong>: vse<\/p>\n<p><strong>Lastnosti:<\/strong><\/p>\n<ul>\n<li>Bi-elasti\u010den, lahek in mehak material<\/li>\n<li>Tehni\u010den kroj s pasom srednje vi\u0161ine<\/li>\n<li>Vodoodbojen matrial, ki se ne me\u010dka<\/li>\n<li>Hla\u010dnice so do kolen oprijete in pod koleni padajo\u010de<\/li>\n<\/ul>\n<p><strong>Ostale podrobnosti:<\/strong><\/p>\n<ul>\n<li>Elasti\u010den pas, z gumbom in zadrgo<\/li>\n<li>Dva sprednja \u017eepa in en zadnji, vsi z zadrgo<\/li>\n<li>\u0160iroke pasne zanke (<em>\u0161linge<\/em>)<\/li>\n<\/ul>\n<p><strong>Nega: <\/strong><\/p>\n<ul>\n<li>Pranje na 30 <sup>o<\/sup>C (natan\u010dna navodila za nego so na etiketi hla\u010d)<\/li>\n<li>Odsvetujemo pranje z meh\u010dalcem, ker lahko uni\u010di funkcionalne lastnosti materiala<\/li>\n<\/ul>\n<p>&nbsp;<\/p>\n","protected":false},"excerpt":{"rendered":"<h4 data-start=\"201\" data-end=\"260\">Leny LM200W \u2013 udobne in elegantne \u017eenske pohodne hla\u010de<\/h4>\n<p data-start=\"262\" data-end=\"568\"><strong data-start=\"262\" data-end=\"277\">Leny LM200W<\/strong> so zasnovane za aktivne \u017eenske, ki pri\u010dakujejo popolno kombinacijo udobja, funkcionalnosti in elegantnega videza. Te <strong data-start=\"395\" data-end=\"419\">\u017eenske pohodne hla\u010de<\/strong> zdru\u017eujejo mehkobo in prilagodljivost z vzdr\u017eljivostjo tehni\u010dnih pohodnih hla\u010d \u2013 idealne za vse letne \u010dase in razli\u010dne aktivnosti v naravi, od sprehodov do resnega vzpona v gore.<\/p>\n<p data-start=\"570\" data-end=\"595\">Klju\u010dne zna\u010dilnosti<\/p>\n<p data-start=\"597\" data-end=\"794\"><strong data-start=\"597\" data-end=\"629\">Elasti\u010den in zra\u010den material<\/strong><br data-start=\"629\" data-end=\"632\" \/>Izdelane so iz visokokakovostne \u0161tirismerno raztegljive tkanine, ki omogo\u010da popolno svobodo gibanja in udobje tudi pri dalj\u0161ih pohodih ali zahtevnej\u0161ih vzponih.<\/p>\n<p data-start=\"796\" data-end=\"956\"><strong data-start=\"796\" data-end=\"835\">Vodoodbojna in nezme\u010dkljiva tkanina<\/strong><br data-start=\"835\" data-end=\"838\" \/>Material odbija vodo, se hitro su\u0161i in ohranja urejen videz, ne glede na vremenske razmere ali intenzivnost gibanja.<\/p>\n<p data-start=\"958\" data-end=\"1116\"><strong data-start=\"958\" data-end=\"977\">\u017depi z zadrgami<\/strong><br data-start=\"977\" data-end=\"980\" \/>Prakti\u010dni \u017eepi z zadrgami zagotavljajo varno shranjevanje klju\u010dev, telefona ali drugih potreb\u0161\u010din, ki jih \u017eelite imeti vedno pri roki.<\/p>\n<p data-start=\"1118\" data-end=\"1368\"><strong data-start=\"1118\" data-end=\"1154\">Popolno prileganje in udoben pas<\/strong><br data-start=\"1154\" data-end=\"1157\" \/>Zanesljiv sistem zapenjanja z gumbom in zadrgo poskrbi, da hla\u010de ostanejo na mestu tudi med najzahtevnej\u0161imi \u0161portnimi aktivnostmi. Kroj je prilagojen \u017eenski postavi, s poudarkom na udobju in elegantni liniji.<\/p>\n<p data-start=\"1370\" data-end=\"1571\"><strong data-start=\"1370\" data-end=\"1418\">Nezarobljene hla\u010dnice \u2013 prilagoditev po meri<\/strong><br data-start=\"1418\" data-end=\"1421\" \/>Tako kot vsi Leny modeli so tudi te hla\u010de nezarobljene, zato jih <strong data-start=\"1486\" data-end=\"1529\">po potrebi prilagodimo na to\u010dno dol\u017eino<\/strong>, ki popolnoma ustreza vsaki uporabnici.<\/p>\n<p data-start=\"1578\" data-end=\"1778\">Primerne so za <strong data-start=\"1593\" data-end=\"1645\">pohodni\u0161tvo, potovanja in vsakodnevne aktivnosti<\/strong>, kjer se udobje, vzdr\u017eljivost in eleganca zdru\u017eijo v popolno celoto.<\/p>\n","protected":false},"featured_media":3053,"comment_status":"open","ping_status":"closed","template":"","meta":[],"product_brand":[],"product_cat":[99],"product_tag":[],"class_list":{"0":"post-6120","1":"product","2":"type-product","3":"status-publish","4":"has-post-thumbnail","6":"product_cat-pohodne-hlace","8":"first","9":"instock","10":"shipping-taxable","11":"purchasable","12":"product-type-variable","13":"has-default-attributes"},"jetpack_sharing_enabled":true,"_links":{"self":[{"href":"http:\/\/moto.leny.eu\/sl\/wp-json\/wp\/v2\/product\/6120","targetHints":{"allow":["GET"]}}],"collection":[{"href":"http:\/\/moto.leny.eu\/sl\/wp-json\/wp\/v2\/product"}],"about":[{"href":"http:\/\/moto.leny.eu\/sl\/wp-json\/wp\/v2\/types\/product"}],"replies":[{"embeddable":true,"href":"http:\/\/moto.leny.eu\/sl\/wp-json\/wp\/v2\/comments?post=6120"}],"wp:featuredmedia":[{"embeddable":true,"href":"http:\/\/moto.leny.eu\/sl\/wp-json\/wp\/v2\/media\/3053"}],"wp:attachment":[{"href":"http:\/\/moto.leny.eu\/sl\/wp-json\/wp\/v2\/media?parent=6120"}],"wp:term":[{"taxonomy":"product_brand","embeddable":true,"href":"http:\/\/moto.leny.eu\/sl\/wp-json\/wp\/v2\/product_brand?post=6120"},{"taxonomy":"product_cat","embeddable":true,"href":"http:\/\/moto.leny.eu\/sl\/wp-json\/wp\/v2\/product_cat?post=6120"},{"taxonomy":"product_tag","embeddable":true,"href":"http:\/\/moto.leny.eu\/sl\/wp-json\/wp\/v2\/product_tag?post=6120"}],"curies":[{"name":"wp","href":"https:\/\/api.w.org\/{rel}","templated":true}]}}